{"id":11238,"date":"2023-02-22T20:05:01","date_gmt":"2023-02-22T20:05:01","guid":{"rendered":"https:\/\/carbomin.cl\/?page_id=11238"},"modified":"2025-11-20T12:10:47","modified_gmt":"2025-11-20T12:10:47","slug":"informativos","status":"publish","type":"page","link":"https:\/\/carbomin.cl\/en\/informativos\/","title":{"rendered":"Informative"},"content":{"rendered":"<div data-elementor-type=\"wp-page\" data-elementor-id=\"11238\" class=\"elementor elementor-11238\">\n\t\t\t\t\t\t<section class=\"elementor-section elementor-top-section elementor-element elementor-element-b3da098 elementor-section-full_width elementor-section-height-min-height elementor-section-items-bottom elementor-section-height-default\" data-id=\"b3da098\" data-element_type=\"section\" data-e-type=\"section\" data-settings=\"{&quot;background_background&quot;:&quot;gradient&quot;}\">\n\t\t\t\t\t\t\t<div class=\"elementor-background-overlay\"><\/div>\n\t\t\t\t\t\t\t<div class=\"elementor-container elementor-column-gap-default\">\n\t\t\t\t\t<div class=\"elementor-column elementor-col-100 elementor-top-column elementor-element elementor-element-c1015b6\" data-id=\"c1015b6\" data-element_type=\"column\" data-e-type=\"column\">\n\t\t\t<div class=\"elementor-widget-wrap elementor-element-populated\">\n\t\t\t\t\t\t<div class=\"elementor-element elementor-element-5022aa9 elementor-align-center elementor-widget elementor-widget-raven-heading\" data-id=\"5022aa9\" data-element_type=\"widget\" data-e-type=\"widget\" data-widget_type=\"raven-heading.default\">\n\t\t\t\t<div class=\"elementor-widget-container\">\n\t\t\t\t\t\t\t<div class=\"raven-widget-wrapper\"><h4 class=\"raven-heading raven-heading-h4\"><span class=\"raven-heading-title\">Informative - downloads<\/span><\/h4><\/div>\n\t\t\t\t\t\t<\/div>\n\t\t\t\t<\/div>\n\t\t\t\t\t<\/div>\n\t\t<\/div>\n\t\t\t\t\t<\/div>\n\t\t<\/section>\n\t\t\t\t<section class=\"elementor-section elementor-top-section elementor-element elementor-element-c94178d elementor-section-full_width elementor-section-height-default elementor-section-height-default\" data-id=\"c94178d\" data-element_type=\"section\" data-e-type=\"section\">\n\t\t\t\t\t\t<div class=\"elementor-container elementor-column-gap-narrow\">\n\t\t\t\t\t<div class=\"elementor-column elementor-col-50 elementor-top-column elementor-element elementor-element-b01b9cd\" data-id=\"b01b9cd\" data-element_type=\"column\" data-e-type=\"column\">\n\t\t\t<div class=\"elementor-widget-wrap elementor-element-populated\">\n\t\t\t\t\t\t<div class=\"elementor-element elementor-element-fd2a648 elementor-widget elementor-widget-text-editor\" data-id=\"fd2a648\" data-element_type=\"widget\" data-e-type=\"widget\" data-widget_type=\"text-editor.default\">\n\t\t\t\t\t\t\t\t\t<p>INFORMATIVE<br \/>Lances<\/p>\t\t\t\t\t\t\t\t<\/div>\n\t\t\t\t<div class=\"elementor-element elementor-element-dd4d004 elementor-align-start elementor-icon-list--layout-traditional elementor-list-item-link-full_width elementor-widget elementor-widget-icon-list\" data-id=\"dd4d004\" data-element_type=\"widget\" data-e-type=\"widget\" data-widget_type=\"icon-list.default\">\n\t\t\t\t\t\t\t<ul class=\"elementor-icon-list-items\">\n\t\t\t\t\t\t\t<li class=\"elementor-icon-list-item\">\n\t\t\t\t\t\t\t\t\t\t\t<a href=\"https:\/\/drive.google.com\/file\/d\/12j3fdJxfBLUY9mWZsfCDEhImR3CCDAVV\/view?usp=sharing\" target=\"_blank\">\n\n\t\t\t\t\t\t\t\t\t\t\t\t<span class=\"elementor-icon-list-icon\">\n\t\t\t\t\t\t\t<svg aria-hidden=\"true\" class=\"e-font-icon-svg e-fas-chevron-right\" viewbox=\"0 0 320 512\" xmlns=\"http:\/\/www.w3.org\/2000\/svg\"><path d=\"M285.476 272.971L91.132 467.314c-9.373 9.373-24.569 9.373-33.941 0l-22.667-22.667c-9.357-9.357-9.375-24.522-.04-33.901L188.505 256 34.484 101.255c-9.335-9.379-9.317-24.544.04-33.901l22.667-22.667c9.373-9.373 24.569-9.373 33.941 0L285.475 239.03c9.373 9.372 9.373 24.568.001 33.941z\"><\/path><\/svg>\t\t\t\t\t\t<\/span>\n\t\t\t\t\t\t\t\t\t\t<span class=\"elementor-icon-list-text\">Brochure 2023 Thermal Lances (PDF)<\/span>\n\t\t\t\t\t\t\t\t\t\t\t<\/a>\n\t\t\t\t\t\t\t\t\t<\/li>\n\t\t\t\t\t\t\t\t<li class=\"elementor-icon-list-item\">\n\t\t\t\t\t\t\t\t\t\t\t<a href=\"https:\/\/drive.google.com\/file\/d\/14l3xlkiJY-5PopYTiOHZgXoxJLbZ04t2\/view?usp=sharing\" target=\"_blank\">\n\n\t\t\t\t\t\t\t\t\t\t\t\t<span class=\"elementor-icon-list-icon\">\n\t\t\t\t\t\t\t<svg aria-hidden=\"true\" class=\"e-font-icon-svg e-fas-chevron-right\" viewbox=\"0 0 320 512\" xmlns=\"http:\/\/www.w3.org\/2000\/svg\"><path d=\"M285.476 272.971L91.132 467.314c-9.373 9.373-24.569 9.373-33.941 0l-22.667-22.667c-9.357-9.357-9.375-24.522-.04-33.901L188.505 256 34.484 101.255c-9.335-9.379-9.317-24.544.04-33.901l22.667-22.667c9.373-9.373 24.569-9.373 33.941 0L285.475 239.03c9.373 9.372 9.373 24.568.001 33.941z\"><\/path><\/svg>\t\t\t\t\t\t<\/span>\n\t\t\t\t\t\t\t\t\t\t<span class=\"elementor-icon-list-text\">Cat\u00e1logo Pallets Madera 2023 (PDF)<\/span>\n\t\t\t\t\t\t\t\t\t\t\t<\/a>\n\t\t\t\t\t\t\t\t\t<\/li>\n\t\t\t\t\t\t\t\t<li class=\"elementor-icon-list-item\">\n\t\t\t\t\t\t\t\t\t\t\t<a href=\"#elementor-action%3Aaction%3Dlightbox%26settings%3DeyJ1cmwiOiJodHRwczpcL1wvY2FyYm9taW4uY2xcL3dwLWNvbnRlbnRcL3VwbG9hZHNcLzIwMjJcLzExXC9DYXB0dXJhLWRlLVBhbnRhbGxhLTIwMjItMTEtMTMtYS1sYXMtMjEuNDYuMzMucG5nIiwidHlwZSI6ImltYWdlIiwidGl0bGUiOiJVc28gZGUgTGFuemFzIERhaXdhIn0%3D\" target=\"_blank\">\n\n\t\t\t\t\t\t\t\t\t\t\t\t<span class=\"elementor-icon-list-icon\">\n\t\t\t\t\t\t\t<svg aria-hidden=\"true\" class=\"e-font-icon-svg e-fas-chevron-right\" viewbox=\"0 0 320 512\" xmlns=\"http:\/\/www.w3.org\/2000\/svg\"><path d=\"M285.476 272.971L91.132 467.314c-9.373 9.373-24.569 9.373-33.941 0l-22.667-22.667c-9.357-9.357-9.375-24.522-.04-33.901L188.505 256 34.484 101.255c-9.335-9.379-9.317-24.544.04-33.901l22.667-22.667c9.373-9.373 24.569-9.373 33.941 0L285.475 239.03c9.373 9.372 9.373 24.568.001 33.941z\"><\/path><\/svg>\t\t\t\t\t\t<\/span>\n\t\t\t\t\t\t\t\t\t\t<span class=\"elementor-icon-list-text\">Use of Daiwa Lances<\/span>\n\t\t\t\t\t\t\t\t\t\t\t<\/a>\n\t\t\t\t\t\t\t\t\t<\/li>\n\t\t\t\t\t\t\t\t<li class=\"elementor-icon-list-item\">\n\t\t\t\t\t\t\t\t\t\t\t<a href=\"#elementor-action%3Aaction%3Dlightbox%26settings%3DeyJ1cmwiOiJodHRwczpcL1wvY2FyYm9taW4uY2xcL3dwLWNvbnRlbnRcL3VwbG9hZHNcLzIwMjJcLzExXC9DYXB0dXJhLWRlLVBhbnRhbGxhLTIwMjItMTEtMTMtYS1sYXMtMjEuNDYuNTcucG5nIiwidHlwZSI6ImltYWdlIiwidGl0bGUiOiJMaW1waWV6YSBkZSBib3F1aWxsYXMgbyBhcGVydHVyYSJ9\" target=\"_blank\">\n\n\t\t\t\t\t\t\t\t\t\t\t\t<span class=\"elementor-icon-list-icon\">\n\t\t\t\t\t\t\t<svg aria-hidden=\"true\" class=\"e-font-icon-svg e-fas-chevron-right\" viewbox=\"0 0 320 512\" xmlns=\"http:\/\/www.w3.org\/2000\/svg\"><path d=\"M285.476 272.971L91.132 467.314c-9.373 9.373-24.569 9.373-33.941 0l-22.667-22.667c-9.357-9.357-9.375-24.522-.04-33.901L188.505 256 34.484 101.255c-9.335-9.379-9.317-24.544.04-33.901l22.667-22.667c9.373-9.373 24.569-9.373 33.941 0L285.475 239.03c9.373 9.372 9.373 24.568.001 33.941z\"><\/path><\/svg>\t\t\t\t\t\t<\/span>\n\t\t\t\t\t\t\t\t\t\t<span class=\"elementor-icon-list-text\">Nozzle cleaning or opening<\/span>\n\t\t\t\t\t\t\t\t\t\t\t<\/a>\n\t\t\t\t\t\t\t\t\t<\/li>\n\t\t\t\t\t\t\t\t<li class=\"elementor-icon-list-item\">\n\t\t\t\t\t\t\t\t\t\t\t<a href=\"#elementor-action%3Aaction%3Dlightbox%26settings%3DeyJ1cmwiOiJodHRwczpcL1wvY2FyYm9taW4uY2xcL3dwLWNvbnRlbnRcL3VwbG9hZHNcLzIwMjJcLzExXC9DYXB0dXJhLWRlLVBhbnRhbGxhLTIwMjItMTEtMTMtYS1sYXMtMjEuNDcuMzgucG5nIiwidHlwZSI6ImltYWdlIiwidGl0bGUiOiJMaW1waWV6YSBib2NhIGRlIGNvbGFkYV9Db3J0ZSBjaGF0YXJyYSBmdW5kaWRhIn0%3D\" target=\"_blank\">\n\n\t\t\t\t\t\t\t\t\t\t\t\t<span class=\"elementor-icon-list-icon\">\n\t\t\t\t\t\t\t<svg aria-hidden=\"true\" class=\"e-font-icon-svg e-fas-chevron-right\" viewbox=\"0 0 320 512\" xmlns=\"http:\/\/www.w3.org\/2000\/svg\"><path d=\"M285.476 272.971L91.132 467.314c-9.373 9.373-24.569 9.373-33.941 0l-22.667-22.667c-9.357-9.357-9.375-24.522-.04-33.901L188.505 256 34.484 101.255c-9.335-9.379-9.317-24.544.04-33.901l22.667-22.667c9.373-9.373 24.569-9.373 33.941 0L285.475 239.03c9.373 9.372 9.373 24.568.001 33.941z\"><\/path><\/svg>\t\t\t\t\t\t<\/span>\n\t\t\t\t\t\t\t\t\t\t<span class=\"elementor-icon-list-text\">Cleaning mouth wash | cut molten scrap<\/span>\n\t\t\t\t\t\t\t\t\t\t\t<\/a>\n\t\t\t\t\t\t\t\t\t<\/li>\n\t\t\t\t\t\t<\/ul>\n\t\t\t\t\t\t<\/div>\n\t\t\t\t\t<\/div>\n\t\t<\/div>\n\t\t\t\t<div class=\"elementor-column elementor-col-50 elementor-top-column elementor-element elementor-element-91d0688\" data-id=\"91d0688\" data-element_type=\"column\" data-e-type=\"column\">\n\t\t\t<div class=\"elementor-widget-wrap elementor-element-populated\">\n\t\t\t\t\t\t<div class=\"elementor-element elementor-element-1d8dc46 elementor-widget elementor-widget-text-editor\" data-id=\"1d8dc46\" data-element_type=\"widget\" data-e-type=\"widget\" data-widget_type=\"text-editor.default\">\n\t\t\t\t\t\t\t\t\t<p>INFORMATIVE<br \/>LANCE HOLDER<\/p>\t\t\t\t\t\t\t\t<\/div>\n\t\t\t\t<div class=\"elementor-element elementor-element-9c9066e elementor-align-start elementor-icon-list--layout-traditional elementor-list-item-link-full_width elementor-widget elementor-widget-icon-list\" data-id=\"9c9066e\" data-element_type=\"widget\" data-e-type=\"widget\" data-widget_type=\"icon-list.default\">\n\t\t\t\t\t\t\t<ul class=\"elementor-icon-list-items\">\n\t\t\t\t\t\t\t<li class=\"elementor-icon-list-item\">\n\t\t\t\t\t\t\t\t\t\t\t<a href=\"#elementor-action%3Aaction%3Dlightbox%26settings%3DeyJ1cmwiOiJodHRwczpcL1wvY2FyYm9taW4uY2xcL3dwLWNvbnRlbnRcL3VwbG9hZHNcLzIwMjJcLzEwXC9DYXB0dXJhLWRlLVBhbnRhbGxhLTIwMjItMTAtMjQtYS1sYXMtMTMuNTYuMDgucG5nIiwidHlwZSI6ImltYWdlIiwidGl0bGUiOiJGTFVKTyBERSBPWFx1MDBjZEdFTk8ifQ%3D%3D\" target=\"_blank\">\n\n\t\t\t\t\t\t\t\t\t\t\t\t<span class=\"elementor-icon-list-icon\">\n\t\t\t\t\t\t\t<svg aria-hidden=\"true\" class=\"e-font-icon-svg e-fas-chevron-right\" viewbox=\"0 0 320 512\" xmlns=\"http:\/\/www.w3.org\/2000\/svg\"><path d=\"M285.476 272.971L91.132 467.314c-9.373 9.373-24.569 9.373-33.941 0l-22.667-22.667c-9.357-9.357-9.375-24.522-.04-33.901L188.505 256 34.484 101.255c-9.335-9.379-9.317-24.544.04-33.901l22.667-22.667c9.373-9.373 24.569-9.373 33.941 0L285.475 239.03c9.373 9.372 9.373 24.568.001 33.941z\"><\/path><\/svg>\t\t\t\t\t\t<\/span>\n\t\t\t\t\t\t\t\t\t\t<span class=\"elementor-icon-list-text\">Lance holder oxygen flow<\/span>\n\t\t\t\t\t\t\t\t\t\t\t<\/a>\n\t\t\t\t\t\t\t\t\t<\/li>\n\t\t\t\t\t\t\t\t<li class=\"elementor-icon-list-item\">\n\t\t\t\t\t\t\t\t\t\t\t<a href=\"https:\/\/drive.google.com\/file\/d\/14npDP3qbb66iIxRHp8ivXFw6HNtlpXfG\/view?usp=sharing\" target=\"_blank\">\n\n\t\t\t\t\t\t\t\t\t\t\t\t<span class=\"elementor-icon-list-icon\">\n\t\t\t\t\t\t\t<svg aria-hidden=\"true\" class=\"e-font-icon-svg e-fas-chevron-right\" viewbox=\"0 0 320 512\" xmlns=\"http:\/\/www.w3.org\/2000\/svg\"><path d=\"M285.476 272.971L91.132 467.314c-9.373 9.373-24.569 9.373-33.941 0l-22.667-22.667c-9.357-9.357-9.375-24.522-.04-33.901L188.505 256 34.484 101.255c-9.335-9.379-9.317-24.544.04-33.901l22.667-22.667c9.373-9.373 24.569-9.373 33.941 0L285.475 239.03c9.373 9.372 9.373 24.568.001 33.941z\"><\/path><\/svg>\t\t\t\t\t\t<\/span>\n\t\t\t\t\t\t\t\t\t\t<span class=\"elementor-icon-list-text\">Specifications Holder 1\/4\"<\/span>\n\t\t\t\t\t\t\t\t\t\t\t<\/a>\n\t\t\t\t\t\t\t\t\t<\/li>\n\t\t\t\t\t\t\t\t<li class=\"elementor-icon-list-item\">\n\t\t\t\t\t\t\t\t\t\t\t<a href=\"#elementor-action%3Aaction%3Dlightbox%26settings%3DeyJ1cmwiOiJodHRwczpcL1wvY2FyYm9taW4uY2xcL3dwLWNvbnRlbnRcL3VwbG9hZHNcLzIwMjNcLzAyXC8xLmpwZyIsInR5cGUiOiJpbWFnZSIsInRpdGxlIjoiMSJ9\" target=\"_blank\">\n\n\t\t\t\t\t\t\t\t\t\t\t\t<span class=\"elementor-icon-list-icon\">\n\t\t\t\t\t\t\t<svg aria-hidden=\"true\" class=\"e-font-icon-svg e-fas-chevron-right\" viewbox=\"0 0 320 512\" xmlns=\"http:\/\/www.w3.org\/2000\/svg\"><path d=\"M285.476 272.971L91.132 467.314c-9.373 9.373-24.569 9.373-33.941 0l-22.667-22.667c-9.357-9.357-9.375-24.522-.04-33.901L188.505 256 34.484 101.255c-9.335-9.379-9.317-24.544.04-33.901l22.667-22.667c9.373-9.373 24.569-9.373 33.941 0L285.475 239.03c9.373 9.372 9.373 24.568.001 33.941z\"><\/path><\/svg>\t\t\t\t\t\t<\/span>\n\t\t\t\t\t\t\t\t\t\t<span class=\"elementor-icon-list-text\">Demonstrative Spear Holder<\/span>\n\t\t\t\t\t\t\t\t\t\t\t<\/a>\n\t\t\t\t\t\t\t\t\t<\/li>\n\t\t\t\t\t\t<\/ul>\n\t\t\t\t\t\t<\/div>\n\t\t\t\t\t<\/div>\n\t\t<\/div>\n\t\t\t\t\t<\/div>\n\t\t<\/section>\n\t\t\t\t<\/div>","protected":false},"excerpt":{"rendered":"<p>Informativos &#8211; descargas INFORMATIVOLANZAS Brochure 2023 Lanzas T\u00e9rmicas (PDF) Cat\u00e1logo Pallets Madera 2023 (PDF) Uso de Lanzas Daiwa Limpieza de boquillas o apertura Limpieza boca de colada | Corte chatarra fundida INFORMATIVOPORTA LANZAS Flujo de ox\u00edgeno porta lanza Especificaci\u00f3n Porta Lanza 1\/4&#8243; Demostrativo Porta Lanzas (Holder)<\/p>","protected":false},"author":1,"featured_media":0,"parent":0,"menu_order":0,"comment_status":"closed","ping_status":"closed","template":"elementor_header_footer","meta":{"_acf_changed":false,"footnotes":""},"class_list":["post-11238","page","type-page","status-publish","hentry"],"acf":[],"yoast_head":"<!-- This site is optimized with the Yoast SEO plugin v27.5 - https:\/\/yoast.com\/product\/yoast-seo-wordpress\/ -->\n<title>Informativos y Descargas<\/title>\n<meta name=\"description\" content=\"Dedicados al desarrollo en \u00e1rea de miner\u00eda, log\u00edstica y construcci\u00f3n. Lanzas T\u00e9rmicas, Lanzas Cal\u00f3ricas, Lanzas Concreto. Nuestra misi\u00f3n es aportar valor a nuestros clientes y proveedores, a trav\u00e9s de un servicio de calidad, para ser reconocido en el mercado como un proveedor confiable.\" \/>\n<meta name=\"robots\" content=\"index, follow, max-snippet:-1, max-image-preview:large, max-video-preview:-1\" \/>\n<link rel=\"canonical\" href=\"https:\/\/carbomin.cl\/en\/informativos\/\" \/>\n<meta property=\"og:locale\" content=\"en_US\" \/>\n<meta property=\"og:type\" content=\"article\" \/>\n<meta property=\"og:title\" content=\"Informativos y Descargas\" \/>\n<meta property=\"og:description\" content=\"Dedicados al desarrollo en \u00e1rea de miner\u00eda, log\u00edstica y construcci\u00f3n. Lanzas T\u00e9rmicas, Lanzas Cal\u00f3ricas, Lanzas Concreto. Nuestra misi\u00f3n es aportar valor a nuestros clientes y proveedores, a trav\u00e9s de un servicio de calidad, para ser reconocido en el mercado como un proveedor confiable.\" \/>\n<meta property=\"og:url\" content=\"https:\/\/carbomin.cl\/en\/informativos\/\" \/>\n<meta property=\"og:site_name\" content=\"Carbomin Ltda\" \/>\n<meta property=\"article:publisher\" content=\"https:\/\/web.facebook.com\/people\/Carbomin-Ltda\" \/>\n<meta property=\"article:modified_time\" content=\"2025-11-20T12:10:47+00:00\" \/>\n<meta property=\"og:image\" content=\"https:\/\/carbomin.cl\/wp-content\/uploads\/2022\/06\/Captura_de_Pantalla_2022-06-24_a_la_s__23.19.46-removebg-preview.png\" \/>\n\t<meta property=\"og:image:width\" content=\"455\" \/>\n\t<meta property=\"og:image:height\" content=\"408\" \/>\n\t<meta property=\"og:image:type\" content=\"image\/png\" \/>\n<meta name=\"twitter:card\" content=\"summary_large_image\" \/>\n<meta name=\"twitter:label1\" content=\"Est. reading time\" \/>\n\t<meta name=\"twitter:data1\" content=\"1 minute\" \/>\n<script type=\"application\/ld+json\" class=\"yoast-schema-graph\">{\"@context\":\"https:\\\/\\\/schema.org\",\"@graph\":[{\"@type\":\"WebPage\",\"@id\":\"https:\\\/\\\/carbomin.cl\\\/informativos\\\/\",\"url\":\"https:\\\/\\\/carbomin.cl\\\/informativos\\\/\",\"name\":\"Informativos y Descargas\",\"isPartOf\":{\"@id\":\"https:\\\/\\\/carbomin.cl\\\/#website\"},\"datePublished\":\"2023-02-22T20:05:01+00:00\",\"dateModified\":\"2025-11-20T12:10:47+00:00\",\"description\":\"Dedicados al desarrollo en \u00e1rea de miner\u00eda, log\u00edstica y construcci\u00f3n. Lanzas T\u00e9rmicas, Lanzas Cal\u00f3ricas, Lanzas Concreto. Nuestra misi\u00f3n es aportar valor a nuestros clientes y proveedores, a trav\u00e9s de un servicio de calidad, para ser reconocido en el mercado como un proveedor confiable.\",\"breadcrumb\":{\"@id\":\"https:\\\/\\\/carbomin.cl\\\/informativos\\\/#breadcrumb\"},\"inLanguage\":\"en-US\",\"potentialAction\":[{\"@type\":\"ReadAction\",\"target\":[\"https:\\\/\\\/carbomin.cl\\\/informativos\\\/\"]}]},{\"@type\":\"BreadcrumbList\",\"@id\":\"https:\\\/\\\/carbomin.cl\\\/informativos\\\/#breadcrumb\",\"itemListElement\":[{\"@type\":\"ListItem\",\"position\":1,\"name\":\"Portada\",\"item\":\"https:\\\/\\\/carbomin.cl\\\/\"},{\"@type\":\"ListItem\",\"position\":2,\"name\":\"Informativos\"}]},{\"@type\":\"WebSite\",\"@id\":\"https:\\\/\\\/carbomin.cl\\\/#website\",\"url\":\"https:\\\/\\\/carbomin.cl\\\/\",\"name\":\"Carbomin\",\"description\":\"Calidad y Compromiso\",\"publisher\":{\"@id\":\"https:\\\/\\\/carbomin.cl\\\/#organization\"},\"alternateName\":\"Carbomin\",\"potentialAction\":[{\"@type\":\"SearchAction\",\"target\":{\"@type\":\"EntryPoint\",\"urlTemplate\":\"https:\\\/\\\/carbomin.cl\\\/?s={search_term_string}\"},\"query-input\":{\"@type\":\"PropertyValueSpecification\",\"valueRequired\":true,\"valueName\":\"search_term_string\"}}],\"inLanguage\":\"en-US\"},{\"@type\":\"Organization\",\"@id\":\"https:\\\/\\\/carbomin.cl\\\/#organization\",\"name\":\"Carbomin\",\"alternateName\":\"Carbomin\",\"url\":\"https:\\\/\\\/carbomin.cl\\\/\",\"logo\":{\"@type\":\"ImageObject\",\"inLanguage\":\"en-US\",\"@id\":\"https:\\\/\\\/carbomin.cl\\\/#\\\/schema\\\/logo\\\/image\\\/\",\"url\":\"https:\\\/\\\/carbomin.cl\\\/wp-content\\\/uploads\\\/2022\\\/06\\\/Copia-de-LOGO_CARBOMIN-MEDIANO.png\",\"contentUrl\":\"https:\\\/\\\/carbomin.cl\\\/wp-content\\\/uploads\\\/2022\\\/06\\\/Copia-de-LOGO_CARBOMIN-MEDIANO.png\",\"width\":579,\"height\":91,\"caption\":\"Carbomin\"},\"image\":{\"@id\":\"https:\\\/\\\/carbomin.cl\\\/#\\\/schema\\\/logo\\\/image\\\/\"},\"sameAs\":[\"https:\\\/\\\/web.facebook.com\\\/people\\\/Carbomin-Ltda\"]}]}<\/script>\n<!-- \/ Yoast SEO plugin. -->","yoast_head_json":{"title":"Informativos y Descargas","description":"Dedicados al desarrollo en \u00e1rea de miner\u00eda, log\u00edstica y construcci\u00f3n. Lanzas T\u00e9rmicas, Lanzas Cal\u00f3ricas, Lanzas Concreto. Nuestra misi\u00f3n es aportar valor a nuestros clientes y proveedores, a trav\u00e9s de un servicio de calidad, para ser reconocido en el mercado como un proveedor confiable.","robots":{"index":"index","follow":"follow","max-snippet":"max-snippet:-1","max-image-preview":"max-image-preview:large","max-video-preview":"max-video-preview:-1"},"canonical":"https:\/\/carbomin.cl\/en\/informativos\/","og_locale":"en_US","og_type":"article","og_title":"Informativos y Descargas","og_description":"Dedicados al desarrollo en \u00e1rea de miner\u00eda, log\u00edstica y construcci\u00f3n. Lanzas T\u00e9rmicas, Lanzas Cal\u00f3ricas, Lanzas Concreto. Nuestra misi\u00f3n es aportar valor a nuestros clientes y proveedores, a trav\u00e9s de un servicio de calidad, para ser reconocido en el mercado como un proveedor confiable.","og_url":"https:\/\/carbomin.cl\/en\/informativos\/","og_site_name":"Carbomin Ltda","article_publisher":"https:\/\/web.facebook.com\/people\/Carbomin-Ltda","article_modified_time":"2025-11-20T12:10:47+00:00","og_image":[{"width":455,"height":408,"url":"https:\/\/carbomin.cl\/wp-content\/uploads\/2022\/06\/Captura_de_Pantalla_2022-06-24_a_la_s__23.19.46-removebg-preview.png","type":"image\/png"}],"twitter_card":"summary_large_image","twitter_misc":{"Est. reading time":"1 minute"},"schema":{"@context":"https:\/\/schema.org","@graph":[{"@type":"WebPage","@id":"https:\/\/carbomin.cl\/informativos\/","url":"https:\/\/carbomin.cl\/informativos\/","name":"Informativos y Descargas","isPartOf":{"@id":"https:\/\/carbomin.cl\/#website"},"datePublished":"2023-02-22T20:05:01+00:00","dateModified":"2025-11-20T12:10:47+00:00","description":"Dedicados al desarrollo en \u00e1rea de miner\u00eda, log\u00edstica y construcci\u00f3n. Lanzas T\u00e9rmicas, Lanzas Cal\u00f3ricas, Lanzas Concreto. Nuestra misi\u00f3n es aportar valor a nuestros clientes y proveedores, a trav\u00e9s de un servicio de calidad, para ser reconocido en el mercado como un proveedor confiable.","breadcrumb":{"@id":"https:\/\/carbomin.cl\/informativos\/#breadcrumb"},"inLanguage":"en-US","potentialAction":[{"@type":"ReadAction","target":["https:\/\/carbomin.cl\/informativos\/"]}]},{"@type":"BreadcrumbList","@id":"https:\/\/carbomin.cl\/informativos\/#breadcrumb","itemListElement":[{"@type":"ListItem","position":1,"name":"Portada","item":"https:\/\/carbomin.cl\/"},{"@type":"ListItem","position":2,"name":"Informativos"}]},{"@type":"WebSite","@id":"https:\/\/carbomin.cl\/#website","url":"https:\/\/carbomin.cl\/","name":"Carbomin","description":"Calidad y Compromiso","publisher":{"@id":"https:\/\/carbomin.cl\/#organization"},"alternateName":"Carbomin","potentialAction":[{"@type":"SearchAction","target":{"@type":"EntryPoint","urlTemplate":"https:\/\/carbomin.cl\/?s={search_term_string}"},"query-input":{"@type":"PropertyValueSpecification","valueRequired":true,"valueName":"search_term_string"}}],"inLanguage":"en-US"},{"@type":"Organization","@id":"https:\/\/carbomin.cl\/#organization","name":"Carbomin","alternateName":"Carbomin","url":"https:\/\/carbomin.cl\/","logo":{"@type":"ImageObject","inLanguage":"en-US","@id":"https:\/\/carbomin.cl\/#\/schema\/logo\/image\/","url":"https:\/\/carbomin.cl\/wp-content\/uploads\/2022\/06\/Copia-de-LOGO_CARBOMIN-MEDIANO.png","contentUrl":"https:\/\/carbomin.cl\/wp-content\/uploads\/2022\/06\/Copia-de-LOGO_CARBOMIN-MEDIANO.png","width":579,"height":91,"caption":"Carbomin"},"image":{"@id":"https:\/\/carbomin.cl\/#\/schema\/logo\/image\/"},"sameAs":["https:\/\/web.facebook.com\/people\/Carbomin-Ltda"]}]}},"_links":{"self":[{"href":"https:\/\/carbomin.cl\/en\/wp-json\/wp\/v2\/pages\/11238","targetHints":{"allow":["GET"]}}],"collection":[{"href":"https:\/\/carbomin.cl\/en\/wp-json\/wp\/v2\/pages"}],"about":[{"href":"https:\/\/carbomin.cl\/en\/wp-json\/wp\/v2\/types\/page"}],"author":[{"embeddable":true,"href":"https:\/\/carbomin.cl\/en\/wp-json\/wp\/v2\/users\/1"}],"replies":[{"embeddable":true,"href":"https:\/\/carbomin.cl\/en\/wp-json\/wp\/v2\/comments?post=11238"}],"version-history":[{"count":9,"href":"https:\/\/carbomin.cl\/en\/wp-json\/wp\/v2\/pages\/11238\/revisions"}],"predecessor-version":[{"id":29129,"href":"https:\/\/carbomin.cl\/en\/wp-json\/wp\/v2\/pages\/11238\/revisions\/29129"}],"wp:attachment":[{"href":"https:\/\/carbomin.cl\/en\/wp-json\/wp\/v2\/media?parent=11238"}],"curies":[{"name":"wp","href":"https:\/\/api.w.org\/{rel}","templated":true}]}}